{"id":20583,"date":"2025-03-31T16:52:09","date_gmt":"2025-03-31T14:52:09","guid":{"rendered":"https:\/\/stage-genf.fk-agency.net\/contact-us\/"},"modified":"2025-05-19T12:04:28","modified_gmt":"2025-05-19T10:04:28","slug":"contact","status":"publish","type":"page","link":"https:\/\/stage-genf.fk-agency.net\/fr\/contact\/","title":{"rendered":"Contact"},"content":{"rendered":"\n<div class=\"wp-block-cover hyper-full-width hero-small-height\"><img loading=\"lazy\" decoding=\"async\" width=\"1441\" height=\"510\" class=\"wp-block-cover__image-background wp-image-20229\" alt=\"\" src=\"https:\/\/stage-genf.fk-agency.net\/wp-content\/uploads\/2025\/04\/FOND_CONTACT_US_grain-2.jpg\" data-object-fit=\"cover\" srcset=\"https:\/\/stage-genf.fk-agency.net\/wp-content\/uploads\/2025\/04\/FOND_CONTACT_US_grain-2.jpg 1441w, https:\/\/stage-genf.fk-agency.net\/wp-content\/uploads\/2025\/04\/FOND_CONTACT_US_grain-2-300x106.jpg 300w, https:\/\/stage-genf.fk-agency.net\/wp-content\/uploads\/2025\/04\/FOND_CONTACT_US_grain-2-1024x362.jpg 1024w, https:\/\/stage-genf.fk-agency.net\/wp-content\/uploads\/2025\/04\/FOND_CONTACT_US_grain-2-768x272.jpg 768w\" sizes=\"auto, (max-width: 1441px) 100vw, 1441px\" \/><span aria-hidden=\"true\" class=\"wp-block-cover__background has-background-dim-10 has-background-dim\" style=\"background-color:#323d27\"><\/span><div class=\"wp-block-cover__inner-container is-layout-constrained wp-block-cover-is-layout-constrained\">\n<div class=\"wp-block-columns is-layout-flex wp-container-core-columns-is-layout-28f84493 wp-block-columns-is-layout-flex\">\n<div class=\"wp-block-column line-mid--skinny is-layout-flow wp-block-column-is-layout-flow\">\n<h1 class=\"wp-block-heading has-text-align-left textGradient--1 font-medium has-gigantic-font-size\">Contactez-nous et construisons ensemble l&rsquo;\u00e9nergie de demain !<\/h1>\n<\/div>\n<\/div>\n<\/div><\/div>\n\n\n\n<div class=\"wp-block-columns alignwide hyper-full-width position-relative light-noise spc-1 has-foreground-background-color has-background is-layout-flex wp-container-core-columns-is-layout-28f84493 wp-block-columns-is-layout-flex\">\n<div class=\"wp-block-column is-layout-flow wp-block-column-is-layout-flow\" style=\"flex-basis:850px\">\n<h2 class=\"wp-block-heading has-text-align-center font-medium textGradient--1\">Vous avez des questions ? N&rsquo;h\u00e9sitez pas \u00e0 nous \u00e9crire.<br>Nous sommes l\u00e0 pour vous aider !<\/h2>\n\n\n<div class=\"frm_forms  with_frm_style frm_style_style-formidable\" id=\"frm_form_11_container\" data-token=\"32c7424f0c832d1c65df3ae8733ca4b2\">\n<form enctype=\"multipart\/form-data\" method=\"post\" class=\"frm-show-form  frm_pro_form \" id=\"form_contact-gb\" data-token=\"32c7424f0c832d1c65df3ae8733ca4b2\">\n<div class=\"frm_form_fields \">\n<fieldset>\n<legend class=\"frm_screen_reader\">Contact &#8211; GB<\/legend>\r\n\r\n<div class=\"frm_fields_container\">\n<input type=\"hidden\" name=\"frm_action\" value=\"create\" \/>\n<input type=\"hidden\" name=\"form_id\" value=\"11\" \/>\n<input type=\"hidden\" name=\"frm_hide_fields_11\" id=\"frm_hide_fields_11\" value=\"\" \/>\n<input type=\"hidden\" name=\"form_key\" value=\"contact-gb\" \/>\n<input type=\"hidden\" name=\"item_meta[0]\" value=\"\" \/>\n<input type=\"hidden\" id=\"frm_submit_entry_11\" name=\"frm_submit_entry_11\" value=\"58bbdb19d6\" \/><input type=\"hidden\" name=\"_wp_http_referer\" value=\"\/fr\/wp-json\/wp\/v2\/pages\/20583\" \/><div id=\"frm_field_94_container\" class=\"frm_form_field form-field  frm_required_field frm_top_container\">\r\n\t<label for=\"field_b3zpf\" id=\"field_b3zpf_label\" class=\"frm_primary_label\">\r\n\t\t<span class=\"frm_required\" aria-hidden=\"true\">*<\/span>\r\n\t<\/label>\r\n\t\t\t<select name=\"item_meta[94]\" id=\"field_b3zpf\"  data-placeholder=\"Specify the subject of your contact*\"  placeholder=\"Specify the subject of your contact*\" data-reqmsg=\"Ce champ ne peut pas \u00eatre vide.\" aria-required=\"true\" data-invmsg=\"Ce champ est non valide\" aria-invalid=\"false\"  >\n\t\t<option  class=\"frm-select-placeholder\" value=\"\" data-placeholder=\"true\">Specify the subject of your contact*<\/option><option  value=\"Application\">Application<\/option><option  value=\"Supply Chain\">Supply Chain<\/option><option  value=\"Investor\">Investor<\/option><option  value=\"Press\">Press<\/option><option  value=\"Other\">Other<\/option>\t<\/select>\n\t\r\n\t\r\n\t\r\n<\/div>\n<div id=\"frm_field_95_container\" class=\"frm_form_field form-field  frm_required_field frm_top_container frm6 frm_first\">\r\n\t<label for=\"field_ylmlh\" id=\"field_ylmlh_label\" class=\"frm_primary_label\">\r\n\t\t<span class=\"frm_required\" aria-hidden=\"true\">*<\/span>\r\n\t<\/label>\r\n\t<input  type=\"text\" id=\"field_ylmlh\" name=\"item_meta[95]\" value=\"\"  placeholder=\"First name*\" data-reqmsg=\"Ce champ ne peut pas \u00eatre vide.\" aria-required=\"true\" data-invmsg=\"Ce champ est non valide\" aria-invalid=\"false\"   \/>\r\n\t\r\n\t\r\n<\/div>\n<div id=\"frm_field_96_container\" class=\"frm_form_field form-field  frm_top_container frm6\">\r\n\t<label for=\"field_j64ga\" id=\"field_j64ga_label\" class=\"frm_primary_label\">\r\n\t\t<span class=\"frm_required\" aria-hidden=\"true\"><\/span>\r\n\t<\/label>\r\n\t<input  type=\"text\" id=\"field_j64ga\" name=\"item_meta[96]\" value=\"\"  placeholder=\"Last name*\" data-invmsg=\"Ce champ est non valide\" aria-invalid=\"false\"   \/>\r\n\t\r\n\t\r\n<\/div>\n<div id=\"frm_field_97_container\" class=\"frm_form_field form-field  frm_required_field frm_top_container\">\r\n\t<label for=\"field_atzqz\" id=\"field_atzqz_label\" class=\"frm_primary_label\">\r\n\t\t<span class=\"frm_required\" aria-hidden=\"true\">*<\/span>\r\n\t<\/label>\r\n\t<input type=\"email\" id=\"field_atzqz\" name=\"item_meta[97]\" value=\"\"  autocomplete=\"email\"  placeholder=\"Email\" data-reqmsg=\"Ce champ ne peut pas \u00eatre vide.\" aria-required=\"true\" data-invmsg=\"Ce champ est non valide\" aria-invalid=\"false\"  \/>\r\n\t\r\n\t\r\n<\/div>\n<div id=\"frm_field_98_container\" class=\"frm_form_field form-field  frm_top_container\">\r\n\t<label for=\"field_9tpnc\" id=\"field_9tpnc_label\" class=\"frm_primary_label\">\r\n\t\t<span class=\"frm_required\" aria-hidden=\"true\"><\/span>\r\n\t<\/label>\r\n\t<textarea name=\"item_meta[98]\" id=\"field_9tpnc\" rows=\"7\"  placeholder=\"Type your message here*\" data-invmsg=\"Ce champ est non valide\" aria-invalid=\"false\"  ><\/textarea>\r\n\t\r\n\t\r\n<\/div>\n<div id=\"frm_field_93_container\" class=\"frm_form_field form-field \">\r\n\t<div class=\"frm_submit frm_flex\">\r\n<button class=\"frm_button_submit frm_final_submit\" type=\"submit\"   formnovalidate=\"formnovalidate\">Contact<\/button>\r\n\r\n\r\n\r\n<\/div>\r\n<\/div>\n\t<input type=\"hidden\" name=\"item_key\" value=\"\" \/>\n\t\t\t\t<div class=\"frm__670e3a9308228\">\n\t\t\t\t<label for=\"frm_email_11\" >\n\t\t\t\t\tSi vous \u00eates un humain, ne remplissez pas ce champ.\t\t\t\t<\/label>\n\t\t\t\t<input  id=\"frm_email_11\" type=\"text\" class=\"frm_verify\" name=\"frm__670e3a9308228\" value=\"\" autocomplete=\"off\"  \/>\n\t\t\t<\/div>\n\t\t<input name=\"frm_state\" type=\"hidden\" value=\"v5tpRe52Ei1RV2nJygPQurUvlQRYOeC\/zUBYMJUJsROYe4TBetqZYia+1PilhCuY\" \/><\/div>\n<\/fieldset>\n<\/div>\n\n<\/form>\n<\/div>\n<\/div>\n<\/div>\n\n\n\n<div class=\"wp-block-columns alignwide hyper-full-width position-relative light-noise spc-1 p-top-none has-foreground-background-color has-background is-layout-flex wp-container-core-columns-is-layout-28f84493 wp-block-columns-is-layout-flex\">\n<div class=\"wp-block-column is-layout-flow wp-block-column-is-layout-flow\" style=\"flex-basis:970px\">\n<h2 class=\"wp-block-heading has-text-align-center font-medium textGradient--1\">Notre emplacement<\/h2>\n\n\n\n<div style=\"height:40px\" aria-hidden=\"true\" class=\"wp-block-spacer m-none\"><\/div>\n\n\n\n<figure class=\"wp-block-image alignwide size-large\"><img loading=\"lazy\" decoding=\"async\" width=\"1024\" height=\"589\" src=\"https:\/\/stage-genf.fk-agency.net\/wp-content\/uploads\/2025\/03\/Group-194-1024x589.png\" alt=\"\" class=\"wp-image-19187\" srcset=\"https:\/\/stage-genf.fk-agency.net\/wp-content\/uploads\/2025\/03\/Group-194-1024x589.png 1024w, https:\/\/stage-genf.fk-agency.net\/wp-content\/uploads\/2025\/03\/Group-194-300x173.png 300w, https:\/\/stage-genf.fk-agency.net\/wp-content\/uploads\/2025\/03\/Group-194-768x442.png 768w\" sizes=\"auto, (max-width: 1024px) 100vw, 1024px\" \/><\/figure>\n<\/div>\n<\/div>\n","protected":false},"excerpt":{"rendered":"<p>Vous avez des questions ? N&rsquo;h\u00e9sitez pas \u00e0 nous \u00e9crire.Nous sommes l\u00e0 pour vous aider ! Notre emplacement<\/p>\n","protected":false},"author":7,"featured_media":0,"parent":0,"menu_order":0,"comment_status":"closed","ping_status":"closed","template":"","meta":{"_acf_changed":false,"_editorskit_title_hidden":false,"_editorskit_reading_time":0,"_editorskit_is_block_options_detached":false,"_editorskit_block_options_position":"{}","footnotes":""},"class_list":{"2":"type-page"},"acf":[],"yoast_head":"<!-- This site is optimized with the Yoast SEO plugin v24.8.1 - https:\/\/yoast.com\/wordpress\/plugins\/seo\/ -->\n<title>Contact &#8211; GenF<\/title>\n<meta name=\"robots\" content=\"noindex, follow, max-snippet:-1, max-image-preview:large, max-video-preview:-1\" \/>\n<meta property=\"og:locale\" content=\"fr_FR\" \/>\n<meta property=\"og:type\" content=\"article\" \/>\n<meta property=\"og:title\" content=\"Contact &#8211; GenF\" \/>\n<meta property=\"og:description\" content=\"Vous avez des questions ? N&rsquo;h\u00e9sitez pas \u00e0 nous \u00e9crire.Nous sommes l\u00e0 pour vous aider ! Notre emplacement\" \/>\n<meta property=\"og:url\" content=\"https:\/\/stage-genf.fk-agency.net\/fr\/contact\/\" \/>\n<meta property=\"og:site_name\" content=\"GenF\" \/>\n<meta property=\"article:publisher\" content=\"https:\/\/www.facebook.com\/\" \/>\n<meta property=\"article:modified_time\" content=\"2025-05-19T10:04:28+00:00\" \/>\n<meta property=\"og:image\" content=\"https:\/\/stage-genf.fk-agency.net\/wp-content\/uploads\/2025\/04\/FOND_CONTACT_US_grain-2.jpg\" \/>\n\t<meta property=\"og:image:width\" content=\"1441\" \/>\n\t<meta property=\"og:image:height\" content=\"510\" \/>\n\t<meta property=\"og:image:type\" content=\"image\/jpeg\" \/>\n<meta name=\"twitter:card\" content=\"summary_large_image\" \/>\n<meta name=\"twitter:site\" content=\"@yoast\" \/>\n<meta name=\"twitter:label1\" content=\"Dur\u00e9e de lecture estim\u00e9e\" \/>\n\t<meta name=\"twitter:data1\" content=\"1 minute\" \/>\n<script type=\"application\/ld+json\" class=\"yoast-schema-graph\">{\"@context\":\"https:\/\/schema.org\",\"@graph\":[{\"@type\":\"WebPage\",\"@id\":\"https:\/\/stage-genf.fk-agency.net\/fr\/contact\/\",\"url\":\"https:\/\/stage-genf.fk-agency.net\/fr\/contact\/\",\"name\":\"Contact &#8211; GenF\",\"isPartOf\":{\"@id\":\"https:\/\/stage-genf.fk-agency.net\/fr\/#website\"},\"primaryImageOfPage\":{\"@id\":\"https:\/\/stage-genf.fk-agency.net\/fr\/contact\/#primaryimage\"},\"image\":{\"@id\":\"https:\/\/stage-genf.fk-agency.net\/fr\/contact\/#primaryimage\"},\"thumbnailUrl\":\"https:\/\/stage-genf.fk-agency.net\/wp-content\/uploads\/2025\/04\/FOND_CONTACT_US_grain-2.jpg\",\"datePublished\":\"2025-03-31T14:52:09+00:00\",\"dateModified\":\"2025-05-19T10:04:28+00:00\",\"breadcrumb\":{\"@id\":\"https:\/\/stage-genf.fk-agency.net\/fr\/contact\/#breadcrumb\"},\"inLanguage\":\"fr-FR\",\"potentialAction\":[{\"@type\":\"ReadAction\",\"target\":[\"https:\/\/stage-genf.fk-agency.net\/fr\/contact\/\"]}]},{\"@type\":\"ImageObject\",\"inLanguage\":\"fr-FR\",\"@id\":\"https:\/\/stage-genf.fk-agency.net\/fr\/contact\/#primaryimage\",\"url\":\"https:\/\/stage-genf.fk-agency.net\/wp-content\/uploads\/2025\/04\/FOND_CONTACT_US_grain-2.jpg\",\"contentUrl\":\"https:\/\/stage-genf.fk-agency.net\/wp-content\/uploads\/2025\/04\/FOND_CONTACT_US_grain-2.jpg\"},{\"@type\":\"BreadcrumbList\",\"@id\":\"https:\/\/stage-genf.fk-agency.net\/fr\/contact\/#breadcrumb\",\"itemListElement\":[{\"@type\":\"ListItem\",\"position\":1,\"name\":\"Accueil\",\"item\":\"https:\/\/stage-genf.fk-agency.net\/fr\/\"},{\"@type\":\"ListItem\",\"position\":2,\"name\":\"Contact\"}]},{\"@type\":\"WebSite\",\"@id\":\"https:\/\/stage-genf.fk-agency.net\/fr\/#website\",\"url\":\"https:\/\/stage-genf.fk-agency.net\/fr\/\",\"name\":\"GenF\",\"description\":\"The promise of Fusion &amp; GenF\",\"potentialAction\":[{\"@type\":\"SearchAction\",\"target\":{\"@type\":\"EntryPoint\",\"urlTemplate\":\"https:\/\/stage-genf.fk-agency.net\/fr\/?s={search_term_string}\"},\"query-input\":{\"@type\":\"PropertyValueSpecification\",\"valueRequired\":true,\"valueName\":\"search_term_string\"}}],\"inLanguage\":\"fr-FR\"}]}<\/script>\n<!-- \/ Yoast SEO plugin. -->","yoast_head_json":{"title":"Contact &#8211; GenF","robots":{"index":"noindex","follow":"follow","max-snippet":"max-snippet:-1","max-image-preview":"max-image-preview:large","max-video-preview":"max-video-preview:-1"},"og_locale":"fr_FR","og_type":"article","og_title":"Contact &#8211; GenF","og_description":"Vous avez des questions ? N&rsquo;h\u00e9sitez pas \u00e0 nous \u00e9crire.Nous sommes l\u00e0 pour vous aider ! Notre emplacement","og_url":"https:\/\/stage-genf.fk-agency.net\/fr\/contact\/","og_site_name":"GenF","article_publisher":"https:\/\/www.facebook.com\/","article_modified_time":"2025-05-19T10:04:28+00:00","og_image":[{"width":1441,"height":510,"url":"https:\/\/stage-genf.fk-agency.net\/wp-content\/uploads\/2025\/04\/FOND_CONTACT_US_grain-2.jpg","type":"image\/jpeg"}],"twitter_card":"summary_large_image","twitter_site":"@yoast","twitter_misc":{"Dur\u00e9e de lecture estim\u00e9e":"1 minute"},"schema":{"@context":"https:\/\/schema.org","@graph":[{"@type":"WebPage","@id":"https:\/\/stage-genf.fk-agency.net\/fr\/contact\/","url":"https:\/\/stage-genf.fk-agency.net\/fr\/contact\/","name":"Contact &#8211; GenF","isPartOf":{"@id":"https:\/\/stage-genf.fk-agency.net\/fr\/#website"},"primaryImageOfPage":{"@id":"https:\/\/stage-genf.fk-agency.net\/fr\/contact\/#primaryimage"},"image":{"@id":"https:\/\/stage-genf.fk-agency.net\/fr\/contact\/#primaryimage"},"thumbnailUrl":"https:\/\/stage-genf.fk-agency.net\/wp-content\/uploads\/2025\/04\/FOND_CONTACT_US_grain-2.jpg","datePublished":"2025-03-31T14:52:09+00:00","dateModified":"2025-05-19T10:04:28+00:00","breadcrumb":{"@id":"https:\/\/stage-genf.fk-agency.net\/fr\/contact\/#breadcrumb"},"inLanguage":"fr-FR","potentialAction":[{"@type":"ReadAction","target":["https:\/\/stage-genf.fk-agency.net\/fr\/contact\/"]}]},{"@type":"ImageObject","inLanguage":"fr-FR","@id":"https:\/\/stage-genf.fk-agency.net\/fr\/contact\/#primaryimage","url":"https:\/\/stage-genf.fk-agency.net\/wp-content\/uploads\/2025\/04\/FOND_CONTACT_US_grain-2.jpg","contentUrl":"https:\/\/stage-genf.fk-agency.net\/wp-content\/uploads\/2025\/04\/FOND_CONTACT_US_grain-2.jpg"},{"@type":"BreadcrumbList","@id":"https:\/\/stage-genf.fk-agency.net\/fr\/contact\/#breadcrumb","itemListElement":[{"@type":"ListItem","position":1,"name":"Accueil","item":"https:\/\/stage-genf.fk-agency.net\/fr\/"},{"@type":"ListItem","position":2,"name":"Contact"}]},{"@type":"WebSite","@id":"https:\/\/stage-genf.fk-agency.net\/fr\/#website","url":"https:\/\/stage-genf.fk-agency.net\/fr\/","name":"GenF","description":"The promise of Fusion &amp; GenF","potentialAction":[{"@type":"SearchAction","target":{"@type":"EntryPoint","urlTemplate":"https:\/\/stage-genf.fk-agency.net\/fr\/?s={search_term_string}"},"query-input":{"@type":"PropertyValueSpecification","valueRequired":true,"valueName":"search_term_string"}}],"inLanguage":"fr-FR"}]}},"_links":{"self":[{"href":"https:\/\/stage-genf.fk-agency.net\/fr\/wp-json\/wp\/v2\/pages\/20583","targetHints":{"allow":["GET"]}}],"collection":[{"href":"https:\/\/stage-genf.fk-agency.net\/fr\/wp-json\/wp\/v2\/pages"}],"about":[{"href":"https:\/\/stage-genf.fk-agency.net\/fr\/wp-json\/wp\/v2\/types\/page"}],"author":[{"embeddable":true,"href":"https:\/\/stage-genf.fk-agency.net\/fr\/wp-json\/wp\/v2\/users\/7"}],"replies":[{"embeddable":true,"href":"https:\/\/stage-genf.fk-agency.net\/fr\/wp-json\/wp\/v2\/comments?post=20583"}],"version-history":[{"count":1,"href":"https:\/\/stage-genf.fk-agency.net\/fr\/wp-json\/wp\/v2\/pages\/20583\/revisions"}],"predecessor-version":[{"id":20585,"href":"https:\/\/stage-genf.fk-agency.net\/fr\/wp-json\/wp\/v2\/pages\/20583\/revisions\/20585"}],"wp:attachment":[{"href":"https:\/\/stage-genf.fk-agency.net\/fr\/wp-json\/wp\/v2\/media?parent=20583"}],"curies":[{"name":"wp","href":"https:\/\/api.w.org\/{rel}","templated":true}]}}